{"id":3327,"date":"2026-03-08T22:33:07","date_gmt":"2026-03-08T21:33:07","guid":{"rendered":"https:\/\/missions-catholiques.org\/?page_id=3327"},"modified":"2026-03-08T23:03:41","modified_gmt":"2026-03-08T22:03:41","slug":"remerciements","status":"publish","type":"page","link":"https:\/\/missions-catholiques.org\/en\/remerciements\/","title":{"rendered":"Remerciements"},"content":{"rendered":"<div data-elementor-type=\"wp-page\" data-elementor-id=\"3327\" class=\"elementor elementor-3327\">\n\t\t\t\t<div class=\"elementor-element elementor-element-77876b5 e-flex e-con-boxed e-con e-parent\" data-id=\"77876b5\" data-element_type=\"container\">\n\t\t\t\t\t<div class=\"e-con-inner\">\n\t\t\t\t\t<\/div>\n\t\t\t\t<\/div>\n\t\t<div class=\"elementor-element elementor-element-b7d5567 e-flex e-con-boxed e-con e-parent\" data-id=\"b7d5567\" data-element_type=\"container\">\n\t\t\t\t\t<div class=\"e-con-inner\">\n\t\t\t\t<div class=\"elementor-element elementor-element-8d18683 elementor-widget elementor-widget-n-accordion\" data-id=\"8d18683\" data-element_type=\"widget\" data-settings=\"{&quot;default_state&quot;:&quot;expanded&quot;,&quot;max_items_expended&quot;:&quot;one&quot;,&quot;n_accordion_animation_duration&quot;:{&quot;unit&quot;:&quot;ms&quot;,&quot;size&quot;:400,&quot;sizes&quot;:[]}}\" data-widget_type=\"nested-accordion.default\">\n\t\t\t\t<div class=\"elementor-widget-container\">\n\t\t\t\t\t\t\t<div class=\"e-n-accordion\" aria-label=\"Accordion. Open links with Enter or Space, close with Escape, and navigate with Arrow Keys\">\n\t\t\t\t\t\t<details id=\"e-n-accordion-item-1470\" class=\"e-n-accordion-item\" open>\n\t\t\t\t<summary class=\"e-n-accordion-item-title\" data-accordion-index=\"1\" tabindex=\"0\" aria-expanded=\"true\" aria-controls=\"e-n-accordion-item-1470\" >\n\t\t\t\t\t<span class='e-n-accordion-item-title-header'><div class=\"e-n-accordion-item-title-text\"> Soeurs du Coeur Immacul\u00e9 de Marie (Madagascar Tamatave, Sevaiana) <\/div><\/span>\n\t\t\t\t\t\t\t<span class='e-n-accordion-item-title-icon'>\n\t\t\t<span class='e-opened' ><svg aria-hidden=\"true\" class=\"e-font-icon-svg e-fas-minus\" viewbox=\"0 0 448 512\" xmlns=\"http:\/\/www.w3.org\/2000\/svg\"><path d=\"M416 208H32c-17.67 0-32 14.33-32 32v32c0 17.67 14.33 32 32 32h384c17.67 0 32-14.33 32-32v-32c0-17.67-14.33-32-32-32z\"><\/path><\/svg><\/span>\n\t\t\t<span class='e-closed'><svg aria-hidden=\"true\" class=\"e-font-icon-svg e-fas-plus\" viewbox=\"0 0 448 512\" xmlns=\"http:\/\/www.w3.org\/2000\/svg\"><path d=\"M416 208H272V64c0-17.67-14.33-32-32-32h-32c-17.67 0-32 14.33-32 32v144H32c-17.67 0-32 14.33-32 32v32c0 17.67 14.33 32 32 32h144v144c0 17.67 14.33 32 32 32h32c17.67 0 32-14.33 32-32V304h144c17.67 0 32-14.33 32-32v-32c0-17.67-14.33-32-32-32z\"><\/path><\/svg><\/span>\n\t\t<\/span>\n\n\t\t\t\t\t\t<\/summary>\n\t\t\t\t<div role=\"region\" aria-labelledby=\"e-n-accordion-item-1470\" class=\"elementor-element elementor-element-7b6d84f e-con-full e-flex e-con e-child\" data-id=\"7b6d84f\" data-element_type=\"container\">\n\t\t\t\t<div class=\"elementor-element elementor-element-2602844 elementor-widget elementor-widget-text-editor\" data-id=\"2602844\" data-element_type=\"widget\" data-widget_type=\"text-editor.default\">\n\t\t\t\t<div class=\"elementor-widget-container\">\n\t\t\t\t\t\t\t\t\t<div dir=\"auto\" data-olk-copy-source=\"MessageBody\">Je vous remercie de tout c\u0153ur pour votre message ainsi que pour votre g\u00e9n\u00e9reuse aide.<\/div><div dir=\"auto\" data-olk-copy-source=\"MessageBody\">\u00a0<\/div><div dir=\"auto\">Au nom de nos Cons\u0153urs de Tamatave, durement touch\u00e9es par le cyclone Gezani, je tiens \u00e0 vous exprimer notre profonde gratitude pour le virement de 3&rsquo;000 Euros destin\u00e9 \u00e0 leur venir en aide. Votre solidarit\u00e9 et votre soutien fraternel nous touchent profond\u00e9ment et apportent un grand r\u00e9confort \u00e0 la communaut\u00e9 dans cette p\u00e9riode difficile.<\/div><div dir=\"auto\">\u00a0<\/div><div dir=\"auto\">Je vous remercie \u00e9galement pour le virement de 2&rsquo;150 Euros destin\u00e9 aux diff\u00e9rents besoins que vous avez mentionn\u00e9s : l\u2019op\u00e9ration de mes yeux, la r\u00e9paration de la toiture de la cuisine de la communaut\u00e9, l\u2019achat d\u2019un r\u00e9frig\u00e9rateur solaire pour le dispensaire, ainsi que la r\u00e9paration partielle de la toiture du lyc\u00e9e. Cette aide est tr\u00e8s pr\u00e9cieuse pour nous et contribuera grandement \u00e0 am\u00e9liorer nos conditions de vie et de service.<\/div><div dir=\"auto\">\u00a0<\/div><div dir=\"auto\">Nous comprenons bien les limites de vos moyens financiers et nous vous sommes d\u00e9j\u00e0 tr\u00e8s reconnaissantes pour ce soutien important que vous nous accordez. D\u00e8s r\u00e9ception des avis de cr\u00e9dit, je ne manquerai pas de vous en transmettre une copie comme demand\u00e9.<\/div><div dir=\"auto\">\u00a0<\/div><div dir=\"auto\">Avec toute notre reconnaissance et en union de pri\u00e8re<\/div><div dir=\"auto\">\u00a0<\/div><div dir=\"auto\">Fraternellement,<\/div><div dir=\"auto\">S\u0153ur Jeanne<\/div><p>\u00a0<\/p>\t\t\t\t\t\t\t\t<\/div>\n\t\t\t\t<\/div>\n\t\t\t\t<\/div>\n\t\t\t\t\t<\/details>\n\t\t\t\t\t\t<details id=\"e-n-accordion-item-1471\" class=\"e-n-accordion-item\" >\n\t\t\t\t<summary class=\"e-n-accordion-item-title\" data-accordion-index=\"2\" tabindex=\"-1\" aria-expanded=\"false\" aria-controls=\"e-n-accordion-item-1471\" >\n\t\t\t\t\t<span class='e-n-accordion-item-title-header'><div class=\"e-n-accordion-item-title-text\"> Soeurs Missionnaires de l'Evangile (Madagascar Tamatave) <\/div><\/span>\n\t\t\t\t\t\t\t<span class='e-n-accordion-item-title-icon'>\n\t\t\t<span class='e-opened' ><svg aria-hidden=\"true\" class=\"e-font-icon-svg e-fas-minus\" viewbox=\"0 0 448 512\" xmlns=\"http:\/\/www.w3.org\/2000\/svg\"><path d=\"M416 208H32c-17.67 0-32 14.33-32 32v32c0 17.67 14.33 32 32 32h384c17.67 0 32-14.33 32-32v-32c0-17.67-14.33-32-32-32z\"><\/path><\/svg><\/span>\n\t\t\t<span class='e-closed'><svg aria-hidden=\"true\" class=\"e-font-icon-svg e-fas-plus\" viewbox=\"0 0 448 512\" xmlns=\"http:\/\/www.w3.org\/2000\/svg\"><path d=\"M416 208H272V64c0-17.67-14.33-32-32-32h-32c-17.67 0-32 14.33-32 32v144H32c-17.67 0-32 14.33-32 32v32c0 17.67 14.33 32 32 32h144v144c0 17.67 14.33 32 32 32h32c17.67 0 32-14.33 32-32V304h144c17.67 0 32-14.33 32-32v-32c0-17.67-14.33-32-32-32z\"><\/path><\/svg><\/span>\n\t\t<\/span>\n\n\t\t\t\t\t\t<\/summary>\n\t\t\t\t<div role=\"region\" aria-labelledby=\"e-n-accordion-item-1471\" class=\"elementor-element elementor-element-ce8fdfd e-con-full e-flex e-con e-child\" data-id=\"ce8fdfd\" data-element_type=\"container\">\n\t\t\t\t<div class=\"elementor-element elementor-element-188e6c7 elementor-widget elementor-widget-text-editor\" data-id=\"188e6c7\" data-element_type=\"widget\" data-widget_type=\"text-editor.default\">\n\t\t\t\t<div class=\"elementor-widget-container\">\n\t\t\t\t\t\t\t\t\t<div class=\"x_elementToProof\" data-olk-copy-source=\"MessageBody\">Dans la joie que j&rsquo;ai re\u00e7u votre mail. Merci \u00e0 vous, toutes les \u00e9quipes \u00e0 la mission Catholique, et tous les bienfaiteurs de la Mission Catholique qui ouvrent les c\u0153urs \u00e0 notre demande pour nos cons\u0153urs et les gens victimes de passage de cyclone \u00e0 Tamatave.\u00a0<\/div><div>Dieu vous r\u00e9compense tous les d\u00e9penses financi\u00e8res et votre forces \u00e9coul\u00e9.\u00a0<\/div><div>Je vous enverrai l&rsquo;avis de cr\u00e9dit ainsi que les rapports des mouvements du dons et les activit\u00e9s.\u00a0<\/div><div>Encore un grand merci de ma part et de la part de toutes les s\u0153urs.\u00a0<\/div><div>Nous vous portons dans nos pri\u00e8res comme nous le faisons chaque jour pour tous les personnes qui ouvrent leurs c\u0153urs pour sauver la vie qui est la Vie de Dieu.<\/div><div>\u00a0<\/div><div>Bon cheminement vers Car\u00eames.<\/div><div>\u00a0Bien fraternellement.<\/div><div>S\u0153ur Th\u00e9r\u00e8se.<\/div>\t\t\t\t\t\t\t\t<\/div>\n\t\t\t\t<\/div>\n\t\t\t\t<\/div>\n\t\t\t\t\t<\/details>\n\t\t\t\t\t\t<details id=\"e-n-accordion-item-1472\" class=\"e-n-accordion-item\" >\n\t\t\t\t<summary class=\"e-n-accordion-item-title\" data-accordion-index=\"3\" tabindex=\"-1\" aria-expanded=\"false\" aria-controls=\"e-n-accordion-item-1472\" >\n\t\t\t\t\t<span class='e-n-accordion-item-title-header'><div class=\"e-n-accordion-item-title-text\">  <\/div><\/span>\n\t\t\t\t\t\t\t<span class='e-n-accordion-item-title-icon'>\n\t\t\t<span class='e-opened' ><svg aria-hidden=\"true\" class=\"e-font-icon-svg e-fas-minus\" viewbox=\"0 0 448 512\" xmlns=\"http:\/\/www.w3.org\/2000\/svg\"><path d=\"M416 208H32c-17.67 0-32 14.33-32 32v32c0 17.67 14.33 32 32 32h384c17.67 0 32-14.33 32-32v-32c0-17.67-14.33-32-32-32z\"><\/path><\/svg><\/span>\n\t\t\t<span class='e-closed'><svg aria-hidden=\"true\" class=\"e-font-icon-svg e-fas-plus\" viewbox=\"0 0 448 512\" xmlns=\"http:\/\/www.w3.org\/2000\/svg\"><path d=\"M416 208H272V64c0-17.67-14.33-32-32-32h-32c-17.67 0-32 14.33-32 32v144H32c-17.67 0-32 14.33-32 32v32c0 17.67 14.33 32 32 32h144v144c0 17.67 14.33 32 32 32h32c17.67 0 32-14.33 32-32V304h144c17.67 0 32-14.33 32-32v-32c0-17.67-14.33-32-32-32z\"><\/path><\/svg><\/span>\n\t\t<\/span>\n\n\t\t\t\t\t\t<\/summary>\n\t\t\t\t<div role=\"region\" aria-labelledby=\"e-n-accordion-item-1472\" class=\"elementor-element elementor-element-ce4ec07 e-con-full e-flex e-con e-child\" data-id=\"ce4ec07\" data-element_type=\"container\">\n\t\t\t\t<\/div>\n\t\t\t\t\t<\/details>\n\t\t\t\t\t<\/div>\n\t\t\t\t\t\t<\/div>\n\t\t\t\t<\/div>\n\t\t\t\t\t<\/div>\n\t\t\t\t<\/div>\n\t\t\t\t<\/div>","protected":false},"excerpt":{"rendered":"<p>Soeurs du Coeur Immacul\u00e9 de Marie (Madagascar Tamatave, Sevaiana) Je vous remercie de tout c\u0153ur pour votre message ainsi que pour votre [&hellip;]<\/p>","protected":false},"author":1,"featured_media":0,"parent":0,"menu_order":0,"comment_status":"closed","ping_status":"closed","template":"","meta":{"footnotes":""},"_links":{"self":[{"href":"https:\/\/missions-catholiques.org\/en\/wp-json\/wp\/v2\/pages\/3327"}],"collection":[{"href":"https:\/\/missions-catholiques.org\/en\/wp-json\/wp\/v2\/pages"}],"about":[{"href":"https:\/\/missions-catholiques.org\/en\/wp-json\/wp\/v2\/types\/page"}],"author":[{"embeddable":true,"href":"https:\/\/missions-catholiques.org\/en\/wp-json\/wp\/v2\/users\/1"}],"replies":[{"embeddable":true,"href":"https:\/\/missions-catholiques.org\/en\/wp-json\/wp\/v2\/comments?post=3327"}],"version-history":[{"count":28,"href":"https:\/\/missions-catholiques.org\/en\/wp-json\/wp\/v2\/pages\/3327\/revisions"}],"predecessor-version":[{"id":3358,"href":"https:\/\/missions-catholiques.org\/en\/wp-json\/wp\/v2\/pages\/3327\/revisions\/3358"}],"wp:attachment":[{"href":"https:\/\/missions-catholiques.org\/en\/wp-json\/wp\/v2\/media?parent=3327"}],"curies":[{"name":"wp","href":"https:\/\/api.w.org\/{rel}","templated":true}]}}