{"id":3053,"date":"2025-11-20T23:02:40","date_gmt":"2025-11-20T22:02:40","guid":{"rendered":"https:\/\/missions-catholiques.org\/?page_id=3053"},"modified":"2025-11-20T23:22:04","modified_gmt":"2025-11-20T22:22:04","slug":"rendre-une-dignite-aux-jeunes-filles","status":"publish","type":"page","link":"https:\/\/missions-catholiques.org\/en\/rendre-une-dignite-aux-jeunes-filles\/","title":{"rendered":"Rendre une dignit\u00e9 aux jeunes filles"},"content":{"rendered":"<div data-elementor-type=\"wp-page\" data-elementor-id=\"3053\" class=\"elementor elementor-3053\">\n\t\t\t\t<div class=\"elementor-element elementor-element-1238545 e-flex e-con-boxed e-con e-parent\" data-id=\"1238545\" data-element_type=\"container\">\n\t\t\t\t\t<div class=\"e-con-inner\">\n\t\t\t\t<div class=\"elementor-element elementor-element-c50b8bc elementor-widget elementor-widget-image\" data-id=\"c50b8bc\" data-element_type=\"widget\" data-widget_type=\"image.default\">\n\t\t\t\t<div class=\"elementor-widget-container\">\n\t\t\t\t\t\t\t\t\t\t\t\t\t\t\t<img fetchpriority=\"high\" decoding=\"async\" width=\"768\" height=\"768\" src=\"https:\/\/missions-catholiques.org\/wp-content\/uploads\/2025\/11\/IMG_1524-Antsirabe-Com.-Maristes-couture-machine-offerte-broderie--scaled-e1763674963680-768x768.jpg\" class=\"attachment-medium_large size-medium_large wp-image-3047\" alt=\"\" srcset=\"https:\/\/missions-catholiques.org\/wp-content\/uploads\/2025\/11\/IMG_1524-Antsirabe-Com.-Maristes-couture-machine-offerte-broderie--scaled-e1763674963680-768x768.jpg 768w, https:\/\/missions-catholiques.org\/wp-content\/uploads\/2025\/11\/IMG_1524-Antsirabe-Com.-Maristes-couture-machine-offerte-broderie--scaled-e1763674963680-300x300.jpg 300w, https:\/\/missions-catholiques.org\/wp-content\/uploads\/2025\/11\/IMG_1524-Antsirabe-Com.-Maristes-couture-machine-offerte-broderie--scaled-e1763674963680-1024x1024.jpg 1024w, https:\/\/missions-catholiques.org\/wp-content\/uploads\/2025\/11\/IMG_1524-Antsirabe-Com.-Maristes-couture-machine-offerte-broderie--scaled-e1763674963680-150x150.jpg 150w, https:\/\/missions-catholiques.org\/wp-content\/uploads\/2025\/11\/IMG_1524-Antsirabe-Com.-Maristes-couture-machine-offerte-broderie--scaled-e1763674963680-1536x1536.jpg 1536w, https:\/\/missions-catholiques.org\/wp-content\/uploads\/2025\/11\/IMG_1524-Antsirabe-Com.-Maristes-couture-machine-offerte-broderie--scaled-e1763674963680-2048x2048.jpg 2048w, https:\/\/missions-catholiques.org\/wp-content\/uploads\/2025\/11\/IMG_1524-Antsirabe-Com.-Maristes-couture-machine-offerte-broderie--scaled-e1763674963680-12x12.jpg 12w, https:\/\/missions-catholiques.org\/wp-content\/uploads\/2025\/11\/IMG_1524-Antsirabe-Com.-Maristes-couture-machine-offerte-broderie--scaled-e1763674963680-1000x1000.jpg 1000w, https:\/\/missions-catholiques.org\/wp-content\/uploads\/2025\/11\/IMG_1524-Antsirabe-Com.-Maristes-couture-machine-offerte-broderie--scaled-e1763674963680-230x230.jpg 230w, https:\/\/missions-catholiques.org\/wp-content\/uploads\/2025\/11\/IMG_1524-Antsirabe-Com.-Maristes-couture-machine-offerte-broderie--scaled-e1763674963680-350x350.jpg 350w, https:\/\/missions-catholiques.org\/wp-content\/uploads\/2025\/11\/IMG_1524-Antsirabe-Com.-Maristes-couture-machine-offerte-broderie--scaled-e1763674963680-480x480.jpg 480w\" sizes=\"(max-width: 768px) 100vw, 768px\" \/>\t\t\t\t\t\t\t\t\t\t\t\t\t\t\t<\/div>\n\t\t\t\t<\/div>\n\t\t\t\t\t<\/div>\n\t\t\t\t<\/div>\n\t\t<div class=\"elementor-element elementor-element-910ae5e e-flex e-con-boxed e-con e-parent\" data-id=\"910ae5e\" data-element_type=\"container\">\n\t\t\t\t\t<div class=\"e-con-inner\">\n\t\t\t\t<div class=\"elementor-element elementor-element-795e60e elementor-widget elementor-widget-text-editor\" data-id=\"795e60e\" data-element_type=\"widget\" data-widget_type=\"text-editor.default\">\n\t\t\t\t<div class=\"elementor-widget-container\">\n\t\t\t\t\t\t\t\t\t<p>2025 Antsirabe<\/p><p>La Communaut\u00e9 des S\u0153urs Maristes d\u2019Antsirabe remercie notre association pour l\u2019achat de 8 machines \u00e0 coudres destin\u00e9e \u00e0 l\u2019enseignement de la couture aux jeunes filles d\u00e9s\u0153uvr\u00e9es de la r\u00e9gion. La formation de couturi\u00e8re est compl\u00e9t\u00e9e par la broderie, le crochet et des notions m\u00e9nag\u00e8res. L\u2019enseignement du cat\u00e9chisme fait partie int\u00e9grante de la structure. L\u2019\u00e9glise paroissiale est trop petite ; une messe dominicale est c\u00e9l\u00e9br\u00e9e chaque semaine dans l\u2019enceinte de la Communaut\u00e9. Le P\u00e8re mod\u00e9rateur de la Paroisse a appr\u00e9ci\u00e9 mon message sur les m\u00e9faits de la corruption ; \u00ab cela me donne du courage pour d\u00e9noncer fermement ce fl\u00e9au \u00bb me dit-il.<\/p>\t\t\t\t\t\t\t\t<\/div>\n\t\t\t\t<\/div>\n\t\t\t\t\t<\/div>\n\t\t\t\t<\/div>\n\t\t<div class=\"elementor-element elementor-element-019283e e-flex e-con-boxed e-con e-parent\" data-id=\"019283e\" data-element_type=\"container\">\n\t\t\t\t\t<div class=\"e-con-inner\">\n\t\t<div class=\"elementor-element elementor-element-85832ee e-con-full e-flex e-con e-child\" data-id=\"85832ee\" data-element_type=\"container\">\n\t\t\t\t<div class=\"elementor-element elementor-element-7ce5420 elementor-widget elementor-widget-image\" data-id=\"7ce5420\" data-element_type=\"widget\" data-widget_type=\"image.default\">\n\t\t\t\t<div class=\"elementor-widget-container\">\n\t\t\t\t\t\t\t\t\t\t\t\t\t\t\t<img decoding=\"async\" width=\"768\" height=\"1024\" src=\"https:\/\/missions-catholiques.org\/wp-content\/uploads\/2025\/11\/IMG_1537-Antsirabe-PSSC-Sr-M.-Jeannette-resp.-de-la-Com.-entouree-du-papa-veuf-et-de-sa-fille-768x1024.jpeg\" class=\"attachment-large size-large wp-image-3049\" alt=\"\" srcset=\"https:\/\/missions-catholiques.org\/wp-content\/uploads\/2025\/11\/IMG_1537-Antsirabe-PSSC-Sr-M.-Jeannette-resp.-de-la-Com.-entouree-du-papa-veuf-et-de-sa-fille-768x1024.jpeg 768w, https:\/\/missions-catholiques.org\/wp-content\/uploads\/2025\/11\/IMG_1537-Antsirabe-PSSC-Sr-M.-Jeannette-resp.-de-la-Com.-entouree-du-papa-veuf-et-de-sa-fille-225x300.jpeg 225w, https:\/\/missions-catholiques.org\/wp-content\/uploads\/2025\/11\/IMG_1537-Antsirabe-PSSC-Sr-M.-Jeannette-resp.-de-la-Com.-entouree-du-papa-veuf-et-de-sa-fille-1152x1536.jpeg 1152w, https:\/\/missions-catholiques.org\/wp-content\/uploads\/2025\/11\/IMG_1537-Antsirabe-PSSC-Sr-M.-Jeannette-resp.-de-la-Com.-entouree-du-papa-veuf-et-de-sa-fille-1536x2048.jpeg 1536w, https:\/\/missions-catholiques.org\/wp-content\/uploads\/2025\/11\/IMG_1537-Antsirabe-PSSC-Sr-M.-Jeannette-resp.-de-la-Com.-entouree-du-papa-veuf-et-de-sa-fille-9x12.jpeg 9w, https:\/\/missions-catholiques.org\/wp-content\/uploads\/2025\/11\/IMG_1537-Antsirabe-PSSC-Sr-M.-Jeannette-resp.-de-la-Com.-entouree-du-papa-veuf-et-de-sa-fille-1000x1333.jpeg 1000w, https:\/\/missions-catholiques.org\/wp-content\/uploads\/2025\/11\/IMG_1537-Antsirabe-PSSC-Sr-M.-Jeannette-resp.-de-la-Com.-entouree-du-papa-veuf-et-de-sa-fille-230x307.jpeg 230w, https:\/\/missions-catholiques.org\/wp-content\/uploads\/2025\/11\/IMG_1537-Antsirabe-PSSC-Sr-M.-Jeannette-resp.-de-la-Com.-entouree-du-papa-veuf-et-de-sa-fille-350x467.jpeg 350w, https:\/\/missions-catholiques.org\/wp-content\/uploads\/2025\/11\/IMG_1537-Antsirabe-PSSC-Sr-M.-Jeannette-resp.-de-la-Com.-entouree-du-papa-veuf-et-de-sa-fille-480x640.jpeg 480w, https:\/\/missions-catholiques.org\/wp-content\/uploads\/2025\/11\/IMG_1537-Antsirabe-PSSC-Sr-M.-Jeannette-resp.-de-la-Com.-entouree-du-papa-veuf-et-de-sa-fille-scaled.jpeg 1920w\" sizes=\"(max-width: 768px) 100vw, 768px\" \/>\t\t\t\t\t\t\t\t\t\t\t\t\t\t\t<\/div>\n\t\t\t\t<\/div>\n\t\t\t\t<\/div>\n\t\t<div class=\"elementor-element elementor-element-887374e e-con-full e-flex e-con e-child\" data-id=\"887374e\" data-element_type=\"container\">\n\t\t\t\t<div class=\"elementor-element elementor-element-02f42c1 elementor-widget elementor-widget-text-editor\" data-id=\"02f42c1\" data-element_type=\"widget\" data-widget_type=\"text-editor.default\">\n\t\t\t\t<div class=\"elementor-widget-container\">\n\t\t\t\t\t\t\t\t\t<p>S\u0153ur Marie Jeannette, infirmi\u00e8re et responsable de la Communaut\u00e9 des Petites Servantes du Sacr\u00e9 C\u0153ur de j\u00e9sus, est triste de constater que des tuberculeux arrivent trop tard pour se soigner. Ils pensent que leur maladie a un rapport \u00e0 la sorcellerie et se rendent d\u2019abord chez des marabouts. Soign\u00e9e trop tard, cette maladie est tr\u00e8s difficile \u00e0 soigner et provoque souvent la mort. Elle remercie notre association d\u2019avoir financ\u00e9 la construction d\u2019une maison pour un veuf pauvre, p\u00e8re de cinq enfants dont deux sont handicap\u00e9s.<\/p><p>Invit\u00e9 par le P\u00e8re J-Claude, enseignant au s\u00e9minaire de Notre Dame de la Salette, j\u2019ai eu l\u2019opportunit\u00e9 de dialoguer avec douze jeunes s\u00e9minaristes sur l\u2019importance de d\u00e9noncer avec fermet\u00e9 les m\u00e9faits d\u00e9sastreux de la corruption. Le 53% de la population malagasy \u00e0 moins de 20 ans. C\u2019est avant tout cette jeunesse qu\u2019il faut sensibiliser sur ce th\u00e8me br\u00fblant si un jour Madagascar veut retrouver sa splendeur d\u2019antan.<\/p>\t\t\t\t\t\t\t\t<\/div>\n\t\t\t\t<\/div>\n\t\t\t\t<\/div>\n\t\t\t\t\t<\/div>\n\t\t\t\t<\/div>\n\t\t<div class=\"elementor-element elementor-element-40d69ad e-flex e-con-boxed e-con e-parent\" data-id=\"40d69ad\" data-element_type=\"container\">\n\t\t\t\t\t<div class=\"e-con-inner\">\n\t\t\t\t<div class=\"elementor-element elementor-element-10bf2a0 elementor-widget elementor-widget-text-editor\" data-id=\"10bf2a0\" data-element_type=\"widget\" data-widget_type=\"text-editor.default\">\n\t\t\t\t<div class=\"elementor-widget-container\">\n\t\t\t\t\t\t\t\t\t<p>Que sont devenues les deux filles de la rue, dont une bless\u00e9e, que j\u2019ai accompagn\u00e9e \u00e0 l\u2019h\u00f4pital il y a quelques jours ? Elles sont bien revenues changer le pansement au centre hospitalier deux jours apr\u00e8s l\u2019intervention, comme pr\u00e9vu. Un orphelinat, g\u00e9r\u00e9 par des S\u0153urs, a accept\u00e9 de les accueillir, avec leur consentement. Les religieuses s\u2019engagent \u00e0 r\u00e9gler toutes les obligations administratives. Mais depuis ce jour, ces deux enfants ne sont pas retourn\u00e9es changer le pansement. O\u00f9 sont-elles ? Aurai-je l\u2019opportunit\u00e9 de les revoir lors de mon retour \u00e0 la capitale ?<\/p>\t\t\t\t\t\t\t\t<\/div>\n\t\t\t\t<\/div>\n\t\t\t\t\t<\/div>\n\t\t\t\t<\/div>\n\t\t<div class=\"elementor-element elementor-element-5049637 e-flex e-con-boxed e-con e-parent\" data-id=\"5049637\" data-element_type=\"container\">\n\t\t\t\t\t<div class=\"e-con-inner\">\n\t\t\t\t<div class=\"elementor-element elementor-element-f6a3b37 elementor-widget elementor-widget-image\" data-id=\"f6a3b37\" data-element_type=\"widget\" data-widget_type=\"image.default\">\n\t\t\t\t<div class=\"elementor-widget-container\">\n\t\t\t\t\t\t\t\t\t\t\t\t\t\t\t<img decoding=\"async\" width=\"768\" height=\"933\" src=\"https:\/\/missions-catholiques.org\/wp-content\/uploads\/2025\/11\/IMG_1531-Antsirabe-les-pauvres-de-la-rue-768x933.jpeg\" class=\"attachment-medium_large size-medium_large wp-image-3048\" alt=\"\" srcset=\"https:\/\/missions-catholiques.org\/wp-content\/uploads\/2025\/11\/IMG_1531-Antsirabe-les-pauvres-de-la-rue-768x933.jpeg 768w, https:\/\/missions-catholiques.org\/wp-content\/uploads\/2025\/11\/IMG_1531-Antsirabe-les-pauvres-de-la-rue-247x300.jpeg 247w, https:\/\/missions-catholiques.org\/wp-content\/uploads\/2025\/11\/IMG_1531-Antsirabe-les-pauvres-de-la-rue-843x1024.jpeg 843w, https:\/\/missions-catholiques.org\/wp-content\/uploads\/2025\/11\/IMG_1531-Antsirabe-les-pauvres-de-la-rue-1265x1536.jpeg 1265w, https:\/\/missions-catholiques.org\/wp-content\/uploads\/2025\/11\/IMG_1531-Antsirabe-les-pauvres-de-la-rue-1686x2048.jpeg 1686w, https:\/\/missions-catholiques.org\/wp-content\/uploads\/2025\/11\/IMG_1531-Antsirabe-les-pauvres-de-la-rue-10x12.jpeg 10w, https:\/\/missions-catholiques.org\/wp-content\/uploads\/2025\/11\/IMG_1531-Antsirabe-les-pauvres-de-la-rue-1000x1215.jpeg 1000w, https:\/\/missions-catholiques.org\/wp-content\/uploads\/2025\/11\/IMG_1531-Antsirabe-les-pauvres-de-la-rue-230x279.jpeg 230w, https:\/\/missions-catholiques.org\/wp-content\/uploads\/2025\/11\/IMG_1531-Antsirabe-les-pauvres-de-la-rue-350x425.jpeg 350w, https:\/\/missions-catholiques.org\/wp-content\/uploads\/2025\/11\/IMG_1531-Antsirabe-les-pauvres-de-la-rue-480x583.jpeg 480w\" sizes=\"(max-width: 768px) 100vw, 768px\" \/>\t\t\t\t\t\t\t\t\t\t\t\t\t\t\t<\/div>\n\t\t\t\t<\/div>\n\t\t\t\t\t<\/div>\n\t\t\t\t<\/div>\n\t\t<div class=\"elementor-element elementor-element-36475a1 e-flex e-con-boxed e-con e-parent\" data-id=\"36475a1\" data-element_type=\"container\">\n\t\t\t\t\t<div class=\"e-con-inner\">\n\t\t\t\t<div class=\"elementor-element elementor-element-2f2591b elementor-widget elementor-widget-image\" data-id=\"2f2591b\" data-element_type=\"widget\" data-widget_type=\"image.default\">\n\t\t\t\t<div class=\"elementor-widget-container\">\n\t\t\t\t\t\t\t\t\t\t\t\t\t\t\t<img loading=\"lazy\" decoding=\"async\" width=\"768\" height=\"801\" src=\"https:\/\/missions-catholiques.org\/wp-content\/uploads\/2025\/11\/Antsirabe-Andraikibe-Sr-M.-Honorine-resp.-de-la-Com.-entouree-de-Sr-Angel-et-Sr-M.-Pascaline-768x801.jpeg\" class=\"attachment-medium_large size-medium_large wp-image-3066\" alt=\"\" srcset=\"https:\/\/missions-catholiques.org\/wp-content\/uploads\/2025\/11\/Antsirabe-Andraikibe-Sr-M.-Honorine-resp.-de-la-Com.-entouree-de-Sr-Angel-et-Sr-M.-Pascaline-768x801.jpeg 768w, https:\/\/missions-catholiques.org\/wp-content\/uploads\/2025\/11\/Antsirabe-Andraikibe-Sr-M.-Honorine-resp.-de-la-Com.-entouree-de-Sr-Angel-et-Sr-M.-Pascaline-288x300.jpeg 288w, https:\/\/missions-catholiques.org\/wp-content\/uploads\/2025\/11\/Antsirabe-Andraikibe-Sr-M.-Honorine-resp.-de-la-Com.-entouree-de-Sr-Angel-et-Sr-M.-Pascaline-982x1024.jpeg 982w, https:\/\/missions-catholiques.org\/wp-content\/uploads\/2025\/11\/Antsirabe-Andraikibe-Sr-M.-Honorine-resp.-de-la-Com.-entouree-de-Sr-Angel-et-Sr-M.-Pascaline-1473x1536.jpeg 1473w, https:\/\/missions-catholiques.org\/wp-content\/uploads\/2025\/11\/Antsirabe-Andraikibe-Sr-M.-Honorine-resp.-de-la-Com.-entouree-de-Sr-Angel-et-Sr-M.-Pascaline-1964x2048.jpeg 1964w, https:\/\/missions-catholiques.org\/wp-content\/uploads\/2025\/11\/Antsirabe-Andraikibe-Sr-M.-Honorine-resp.-de-la-Com.-entouree-de-Sr-Angel-et-Sr-M.-Pascaline-12x12.jpeg 12w, https:\/\/missions-catholiques.org\/wp-content\/uploads\/2025\/11\/Antsirabe-Andraikibe-Sr-M.-Honorine-resp.-de-la-Com.-entouree-de-Sr-Angel-et-Sr-M.-Pascaline-1000x1043.jpeg 1000w, https:\/\/missions-catholiques.org\/wp-content\/uploads\/2025\/11\/Antsirabe-Andraikibe-Sr-M.-Honorine-resp.-de-la-Com.-entouree-de-Sr-Angel-et-Sr-M.-Pascaline-230x240.jpeg 230w, https:\/\/missions-catholiques.org\/wp-content\/uploads\/2025\/11\/Antsirabe-Andraikibe-Sr-M.-Honorine-resp.-de-la-Com.-entouree-de-Sr-Angel-et-Sr-M.-Pascaline-350x365.jpeg 350w, https:\/\/missions-catholiques.org\/wp-content\/uploads\/2025\/11\/Antsirabe-Andraikibe-Sr-M.-Honorine-resp.-de-la-Com.-entouree-de-Sr-Angel-et-Sr-M.-Pascaline-480x500.jpeg 480w\" sizes=\"(max-width: 768px) 100vw, 768px\" \/>\t\t\t\t\t\t\t\t\t\t\t\t\t\t\t<\/div>\n\t\t\t\t<\/div>\n\t\t\t\t\t<\/div>\n\t\t\t\t<\/div>\n\t\t\t\t<\/div>","protected":false},"excerpt":{"rendered":"<p>2025 Antsirabe La Communaut\u00e9 des S\u0153urs Maristes d\u2019Antsirabe remercie notre association pour l\u2019achat de 8 machines \u00e0 coudres destin\u00e9e \u00e0 l\u2019enseignement de [&hellip;]<\/p>","protected":false},"author":1,"featured_media":3047,"parent":0,"menu_order":0,"comment_status":"closed","ping_status":"closed","template":"","meta":{"footnotes":""},"_links":{"self":[{"href":"https:\/\/missions-catholiques.org\/en\/wp-json\/wp\/v2\/pages\/3053"}],"collection":[{"href":"https:\/\/missions-catholiques.org\/en\/wp-json\/wp\/v2\/pages"}],"about":[{"href":"https:\/\/missions-catholiques.org\/en\/wp-json\/wp\/v2\/types\/page"}],"author":[{"embeddable":true,"href":"https:\/\/missions-catholiques.org\/en\/wp-json\/wp\/v2\/users\/1"}],"replies":[{"embeddable":true,"href":"https:\/\/missions-catholiques.org\/en\/wp-json\/wp\/v2\/comments?post=3053"}],"version-history":[{"count":22,"href":"https:\/\/missions-catholiques.org\/en\/wp-json\/wp\/v2\/pages\/3053\/revisions"}],"predecessor-version":[{"id":3081,"href":"https:\/\/missions-catholiques.org\/en\/wp-json\/wp\/v2\/pages\/3053\/revisions\/3081"}],"wp:featuredmedia":[{"embeddable":true,"href":"https:\/\/missions-catholiques.org\/en\/wp-json\/wp\/v2\/media\/3047"}],"wp:attachment":[{"href":"https:\/\/missions-catholiques.org\/en\/wp-json\/wp\/v2\/media?parent=3053"}],"curies":[{"name":"wp","href":"https:\/\/api.w.org\/{rel}","templated":true}]}}