{"id":2955,"date":"2025-11-03T23:20:22","date_gmt":"2025-11-03T22:20:22","guid":{"rendered":"https:\/\/missions-catholiques.org\/?page_id=2955"},"modified":"2025-12-07T22:13:39","modified_gmt":"2025-12-07T21:13:39","slug":"une-eglise-a-larret-et-des-religieuses-qui-soignent","status":"publish","type":"page","link":"https:\/\/missions-catholiques.org\/en\/une-eglise-a-larret-et-des-religieuses-qui-soignent\/","title":{"rendered":"Une \u00e9glise \u00e0 l&rsquo;arr\u00eat et des religieuses qui soignent"},"content":{"rendered":"<div data-elementor-type=\"wp-page\" data-elementor-id=\"2955\" class=\"elementor elementor-2955\">\n\t\t\t\t<div class=\"elementor-element elementor-element-e0d8c46 e-flex e-con-boxed e-con e-parent\" data-id=\"e0d8c46\" data-element_type=\"container\">\n\t\t\t\t\t<div class=\"e-con-inner\">\n\t\t\t\t<div class=\"elementor-element elementor-element-a534cfe elementor-widget elementor-widget-image\" data-id=\"a534cfe\" data-element_type=\"widget\" data-widget_type=\"image.default\">\n\t\t\t\t<div class=\"elementor-widget-container\">\n\t\t\t\t\t\t\t\t\t\t\t\t\t\t\t<img fetchpriority=\"high\" decoding=\"async\" width=\"768\" height=\"512\" src=\"https:\/\/missions-catholiques.org\/wp-content\/uploads\/2025\/11\/IMG_1962-Moramanga-Sr-Fleurie-range-le-bois-avec-des-eleves-1-768x512.jpg\" class=\"attachment-medium_large size-medium_large wp-image-2988\" alt=\"\" srcset=\"https:\/\/missions-catholiques.org\/wp-content\/uploads\/2025\/11\/IMG_1962-Moramanga-Sr-Fleurie-range-le-bois-avec-des-eleves-1-768x512.jpg 768w, https:\/\/missions-catholiques.org\/wp-content\/uploads\/2025\/11\/IMG_1962-Moramanga-Sr-Fleurie-range-le-bois-avec-des-eleves-1-300x200.jpg 300w, https:\/\/missions-catholiques.org\/wp-content\/uploads\/2025\/11\/IMG_1962-Moramanga-Sr-Fleurie-range-le-bois-avec-des-eleves-1-1024x683.jpg 1024w, https:\/\/missions-catholiques.org\/wp-content\/uploads\/2025\/11\/IMG_1962-Moramanga-Sr-Fleurie-range-le-bois-avec-des-eleves-1-1536x1024.jpg 1536w, https:\/\/missions-catholiques.org\/wp-content\/uploads\/2025\/11\/IMG_1962-Moramanga-Sr-Fleurie-range-le-bois-avec-des-eleves-1-2048x1365.jpg 2048w, https:\/\/missions-catholiques.org\/wp-content\/uploads\/2025\/11\/IMG_1962-Moramanga-Sr-Fleurie-range-le-bois-avec-des-eleves-1-18x12.jpg 18w, https:\/\/missions-catholiques.org\/wp-content\/uploads\/2025\/11\/IMG_1962-Moramanga-Sr-Fleurie-range-le-bois-avec-des-eleves-1-1000x667.jpg 1000w, https:\/\/missions-catholiques.org\/wp-content\/uploads\/2025\/11\/IMG_1962-Moramanga-Sr-Fleurie-range-le-bois-avec-des-eleves-1-230x153.jpg 230w, https:\/\/missions-catholiques.org\/wp-content\/uploads\/2025\/11\/IMG_1962-Moramanga-Sr-Fleurie-range-le-bois-avec-des-eleves-1-350x233.jpg 350w, https:\/\/missions-catholiques.org\/wp-content\/uploads\/2025\/11\/IMG_1962-Moramanga-Sr-Fleurie-range-le-bois-avec-des-eleves-1-480x320.jpg 480w\" sizes=\"(max-width: 768px) 100vw, 768px\" \/>\t\t\t\t\t\t\t\t\t\t\t\t\t\t\t<\/div>\n\t\t\t\t<\/div>\n\t\t\t\t<div class=\"elementor-element elementor-element-e643340 elementor-widget elementor-widget-text-editor\" data-id=\"e643340\" data-element_type=\"widget\" data-widget_type=\"text-editor.default\">\n\t\t\t\t<div class=\"elementor-widget-container\">\n\t\t\t\t\t\t\t\t\t<p><span style=\"text-decoration: underline;\">Ambatondrazaka<\/span><\/p><p>A l\u2019approche de la petite ville d\u2019Ambatondrazaka, des rizi\u00e8res \u00e0 perte de vue recouvrent des terres fertiles. La r\u00e9gion est consid\u00e9r\u00e9e comme le grenier du pays. A quelque soixante kilom\u00e8tres de la ville, des mines de pierres pr\u00e9cieuses attirent un grand nombre de \u00ab\u00a0mineurs locaux\u00a0\u00bb et de commer\u00e7ants.<\/p><p>Cinq m\u00e9decins ophtalmologistes volontaires italiens sont actuellement \u00e0 l\u2019\u0153uvre durant un mois au dispensaire de la Communaut\u00e9 des <strong>Petites Servantes du Sacr\u00e9 C\u0153ur<\/strong> \u00e0 Ambatondrazaka. Ils op\u00e8rent des patients, toujours plus nombreux, atteints de cataractes. Ils reviendront au mois de mai prochain, comme de coutume ces derni\u00e8res ann\u00e9es. Environ quatre cents patients annuellement ont la chance de b\u00e9n\u00e9ficier d\u2019une telle faveur. Certains \u00e9taient presque aveugles\u00a0; quelle immense joie de retrouver la vue\u00a0!<\/p><p>Une grande \u00e9glise en construction jouxte la Communaut\u00e9 des<strong> S\u0153urs Maristes<\/strong> \u00e0 Manakambahiny. Les travaux sont \u00e0 l\u2019arr\u00eat depuis quatre ans, faute de moyens financiers. Comment les paroissiens peuvent-ils participer financi\u00e8rement \u00e0 cette r\u00e9alisation alors que tout rench\u00e9ri rapidement et que plus du 80% de la population vit dans la pr\u00e9carit\u00e9\u00a0?<\/p><p>Sympathique geste de l\u2019\u00e9v\u00eaque d\u2019Ambatondrazaka, Mgr Orthasie Marcelin, que de m\u2019inviter \u00e0 un repas en compagnie de cinq pr\u00eatres. Agr\u00e9able dialogue constructif ax\u00e9 principalement sur la probl\u00e9matique de la corruption qui ronge ce pays. L\u2019espoir est l\u00e0 de voir progresser cette nation \u00e0 un partage chr\u00e9tien des richesses.<\/p>\t\t\t\t\t\t\t\t<\/div>\n\t\t\t\t<\/div>\n\t\t\t\t\t<\/div>\n\t\t\t\t<\/div>\n\t\t<div class=\"elementor-element elementor-element-2821380 e-grid e-con-boxed e-con e-parent\" data-id=\"2821380\" data-element_type=\"container\">\n\t\t\t\t\t<div class=\"e-con-inner\">\n\t\t\t\t<div class=\"elementor-element elementor-element-3add4c4 elementor-widget elementor-widget-image\" data-id=\"3add4c4\" data-element_type=\"widget\" data-widget_type=\"image.default\">\n\t\t\t\t<div class=\"elementor-widget-container\">\n\t\t\t\t\t\t\t\t\t\t\t\t\t\t\t<img decoding=\"async\" width=\"1024\" height=\"683\" src=\"https:\/\/missions-catholiques.org\/wp-content\/uploads\/2025\/11\/IMG_2000-Manakambahiny-eglise-en-construction-arret-des-travaux-1024x683.jpg\" class=\"attachment-large size-large wp-image-2967\" alt=\"\" srcset=\"https:\/\/missions-catholiques.org\/wp-content\/uploads\/2025\/11\/IMG_2000-Manakambahiny-eglise-en-construction-arret-des-travaux-1024x683.jpg 1024w, https:\/\/missions-catholiques.org\/wp-content\/uploads\/2025\/11\/IMG_2000-Manakambahiny-eglise-en-construction-arret-des-travaux-300x200.jpg 300w, https:\/\/missions-catholiques.org\/wp-content\/uploads\/2025\/11\/IMG_2000-Manakambahiny-eglise-en-construction-arret-des-travaux-768x512.jpg 768w, https:\/\/missions-catholiques.org\/wp-content\/uploads\/2025\/11\/IMG_2000-Manakambahiny-eglise-en-construction-arret-des-travaux-1536x1024.jpg 1536w, https:\/\/missions-catholiques.org\/wp-content\/uploads\/2025\/11\/IMG_2000-Manakambahiny-eglise-en-construction-arret-des-travaux-2048x1365.jpg 2048w, https:\/\/missions-catholiques.org\/wp-content\/uploads\/2025\/11\/IMG_2000-Manakambahiny-eglise-en-construction-arret-des-travaux-18x12.jpg 18w, https:\/\/missions-catholiques.org\/wp-content\/uploads\/2025\/11\/IMG_2000-Manakambahiny-eglise-en-construction-arret-des-travaux-1000x667.jpg 1000w, https:\/\/missions-catholiques.org\/wp-content\/uploads\/2025\/11\/IMG_2000-Manakambahiny-eglise-en-construction-arret-des-travaux-230x153.jpg 230w, https:\/\/missions-catholiques.org\/wp-content\/uploads\/2025\/11\/IMG_2000-Manakambahiny-eglise-en-construction-arret-des-travaux-350x233.jpg 350w, https:\/\/missions-catholiques.org\/wp-content\/uploads\/2025\/11\/IMG_2000-Manakambahiny-eglise-en-construction-arret-des-travaux-480x320.jpg 480w\" sizes=\"(max-width: 1024px) 100vw, 1024px\" \/>\t\t\t\t\t\t\t\t\t\t\t\t\t\t\t<\/div>\n\t\t\t\t<\/div>\n\t\t\t\t<div class=\"elementor-element elementor-element-d951ca0 elementor-widget elementor-widget-image\" data-id=\"d951ca0\" data-element_type=\"widget\" data-widget_type=\"image.default\">\n\t\t\t\t<div class=\"elementor-widget-container\">\n\t\t\t\t\t\t\t\t\t\t\t\t\t\t\t<img decoding=\"async\" width=\"1024\" height=\"683\" src=\"https:\/\/missions-catholiques.org\/wp-content\/uploads\/2025\/11\/IMG_2012-Ambatondrazaka-realite-trop-frequente-1024x683.jpg\" class=\"attachment-large size-large wp-image-2968\" alt=\"\" srcset=\"https:\/\/missions-catholiques.org\/wp-content\/uploads\/2025\/11\/IMG_2012-Ambatondrazaka-realite-trop-frequente-1024x683.jpg 1024w, https:\/\/missions-catholiques.org\/wp-content\/uploads\/2025\/11\/IMG_2012-Ambatondrazaka-realite-trop-frequente-300x200.jpg 300w, https:\/\/missions-catholiques.org\/wp-content\/uploads\/2025\/11\/IMG_2012-Ambatondrazaka-realite-trop-frequente-768x512.jpg 768w, https:\/\/missions-catholiques.org\/wp-content\/uploads\/2025\/11\/IMG_2012-Ambatondrazaka-realite-trop-frequente-1536x1024.jpg 1536w, https:\/\/missions-catholiques.org\/wp-content\/uploads\/2025\/11\/IMG_2012-Ambatondrazaka-realite-trop-frequente-2048x1365.jpg 2048w, https:\/\/missions-catholiques.org\/wp-content\/uploads\/2025\/11\/IMG_2012-Ambatondrazaka-realite-trop-frequente-18x12.jpg 18w, https:\/\/missions-catholiques.org\/wp-content\/uploads\/2025\/11\/IMG_2012-Ambatondrazaka-realite-trop-frequente-1000x667.jpg 1000w, https:\/\/missions-catholiques.org\/wp-content\/uploads\/2025\/11\/IMG_2012-Ambatondrazaka-realite-trop-frequente-230x153.jpg 230w, https:\/\/missions-catholiques.org\/wp-content\/uploads\/2025\/11\/IMG_2012-Ambatondrazaka-realite-trop-frequente-350x233.jpg 350w, https:\/\/missions-catholiques.org\/wp-content\/uploads\/2025\/11\/IMG_2012-Ambatondrazaka-realite-trop-frequente-480x320.jpg 480w\" sizes=\"(max-width: 1024px) 100vw, 1024px\" \/>\t\t\t\t\t\t\t\t\t\t\t\t\t\t\t<\/div>\n\t\t\t\t<\/div>\n\t\t\t\t\t<\/div>\n\t\t\t\t<\/div>\n\t\t<div class=\"elementor-element elementor-element-f236604 e-flex e-con-boxed e-con e-parent\" data-id=\"f236604\" data-element_type=\"container\">\n\t\t\t\t\t<div class=\"e-con-inner\">\n\t\t\t\t<div class=\"elementor-element elementor-element-c431df2 elementor-widget elementor-widget-text-editor\" data-id=\"c431df2\" data-element_type=\"widget\" data-widget_type=\"text-editor.default\">\n\t\t\t\t<div class=\"elementor-widget-container\">\n\t\t\t\t\t\t\t\t\t<p><span style=\"text-decoration: underline;\">Moramanga<\/span><\/p><p>La petite ville de Moramanga a \u00e9t\u00e9 \u00e9pargn\u00e9e de la violence des derniers \u00e9v\u00e9nements politiques. Beaucoup de monde ici ne s\u2019int\u00e9resse m\u00eame pas trop aux affaires publiques, leur souci premier \u00e9tant de trouver de quoi manger. Trop d\u2019enfants ne vont pas \u00e0 l\u2019\u00e9cole, la pauvret\u00e9 est omnipr\u00e9sente. Monseigneur Saro, \u00e9v\u00eaque du dioc\u00e8se, que j\u2019ai eu l\u2019opportunit\u00e9 de rencontrer, \u0153uvre avec beaucoup de dynamisme pour rendre l\u2019\u00e9cole possible \u00e0 tous les enfants. Un peuple instruit ne sera plus d\u2019accord de se laisser manipuler par des corrompus, me dit-il. Les jeunes, en particulier, veulent du changement ; et c\u2019est le moment de lutter tous ensemble, contre la corruption, ce fl\u00e9au, qui met \u00e0 terre tout le pays. Certains p\u00e9nitents, conscients de leur \u00e9go\u00efsme (corruption), pr\u00e9tendent ne pas pouvoir changer leur pratique destructive. Et bien non, r\u00e9torque Monseigneur, \u00ab l\u2019argent publique ne vous appartient pas \u00bb.<\/p><p>Il faut aider les jeunes \u00e0 gagner ce dur et patient combat contre ce fl\u00e9au. La chance m\u2019a souri de pouvoir dialoguer avec le recteur du grand s\u00e9minaire de Moramanga. Quarante-huit futurs pr\u00eatres terminent leurs \u00e9tudes ici. Ces jeunes eccl\u00e9siastiques, en particulier, conscients de leur responsabilit\u00e9 et de la gravit\u00e9 de la situation, seront bient\u00f4t aux premi\u00e8res loges pour d\u00e9noncer et participer au renouveau de cette grande \u00eele, paradis perdu.<\/p><p>La tuberculose est une maladie encore malheureusement bien pr\u00e9sente \u00e0 Madagascar. Toujours plus de malades b\u00e9n\u00e9ficient des meilleurs soins \u00e0 l\u2019h\u00f4pital des <strong>S\u0153urs Petites Servantes<\/strong> \u00e0 Moramanga, entour\u00e9 d\u2019un magnifique et vaste parc arboris\u00e9.<\/p><p>Fran\u00e7ois<\/p>\t\t\t\t\t\t\t\t<\/div>\n\t\t\t\t<\/div>\n\t\t\t\t\t<\/div>\n\t\t\t\t<\/div>\n\t\t<div class=\"elementor-element elementor-element-fbb56e6 e-grid e-con-boxed e-con e-parent\" data-id=\"fbb56e6\" data-element_type=\"container\">\n\t\t\t\t\t<div class=\"e-con-inner\">\n\t\t\t\t<div class=\"elementor-element elementor-element-35b5f32 elementor-widget elementor-widget-image\" data-id=\"35b5f32\" data-element_type=\"widget\" data-widget_type=\"image.default\">\n\t\t\t\t<div class=\"elementor-widget-container\">\n\t\t\t\t\t\t\t\t\t\t\t\t\t\t\t<img loading=\"lazy\" decoding=\"async\" width=\"1024\" height=\"683\" src=\"https:\/\/missions-catholiques.org\/wp-content\/uploads\/2025\/11\/IMG_1969-Moramanga-Srs-M.-Nadia-et-M.-Nantenaina-de-la-Communaute-des-Petites-Servante-du-Sacre-Coeur-1024x683.jpg\" class=\"attachment-large size-large wp-image-2972\" alt=\"\" srcset=\"https:\/\/missions-catholiques.org\/wp-content\/uploads\/2025\/11\/IMG_1969-Moramanga-Srs-M.-Nadia-et-M.-Nantenaina-de-la-Communaute-des-Petites-Servante-du-Sacre-Coeur-1024x683.jpg 1024w, https:\/\/missions-catholiques.org\/wp-content\/uploads\/2025\/11\/IMG_1969-Moramanga-Srs-M.-Nadia-et-M.-Nantenaina-de-la-Communaute-des-Petites-Servante-du-Sacre-Coeur-300x200.jpg 300w, https:\/\/missions-catholiques.org\/wp-content\/uploads\/2025\/11\/IMG_1969-Moramanga-Srs-M.-Nadia-et-M.-Nantenaina-de-la-Communaute-des-Petites-Servante-du-Sacre-Coeur-768x512.jpg 768w, https:\/\/missions-catholiques.org\/wp-content\/uploads\/2025\/11\/IMG_1969-Moramanga-Srs-M.-Nadia-et-M.-Nantenaina-de-la-Communaute-des-Petites-Servante-du-Sacre-Coeur-1536x1024.jpg 1536w, https:\/\/missions-catholiques.org\/wp-content\/uploads\/2025\/11\/IMG_1969-Moramanga-Srs-M.-Nadia-et-M.-Nantenaina-de-la-Communaute-des-Petites-Servante-du-Sacre-Coeur-2048x1365.jpg 2048w, https:\/\/missions-catholiques.org\/wp-content\/uploads\/2025\/11\/IMG_1969-Moramanga-Srs-M.-Nadia-et-M.-Nantenaina-de-la-Communaute-des-Petites-Servante-du-Sacre-Coeur-18x12.jpg 18w, https:\/\/missions-catholiques.org\/wp-content\/uploads\/2025\/11\/IMG_1969-Moramanga-Srs-M.-Nadia-et-M.-Nantenaina-de-la-Communaute-des-Petites-Servante-du-Sacre-Coeur-1000x667.jpg 1000w, https:\/\/missions-catholiques.org\/wp-content\/uploads\/2025\/11\/IMG_1969-Moramanga-Srs-M.-Nadia-et-M.-Nantenaina-de-la-Communaute-des-Petites-Servante-du-Sacre-Coeur-230x153.jpg 230w, https:\/\/missions-catholiques.org\/wp-content\/uploads\/2025\/11\/IMG_1969-Moramanga-Srs-M.-Nadia-et-M.-Nantenaina-de-la-Communaute-des-Petites-Servante-du-Sacre-Coeur-350x233.jpg 350w, https:\/\/missions-catholiques.org\/wp-content\/uploads\/2025\/11\/IMG_1969-Moramanga-Srs-M.-Nadia-et-M.-Nantenaina-de-la-Communaute-des-Petites-Servante-du-Sacre-Coeur-480x320.jpg 480w\" sizes=\"(max-width: 1024px) 100vw, 1024px\" \/>\t\t\t\t\t\t\t\t\t\t\t\t\t\t\t<\/div>\n\t\t\t\t<\/div>\n\t\t\t\t<div class=\"elementor-element elementor-element-c2e3368 elementor-widget elementor-widget-image\" data-id=\"c2e3368\" data-element_type=\"widget\" data-widget_type=\"image.default\">\n\t\t\t\t<div class=\"elementor-widget-container\">\n\t\t\t\t\t\t\t\t\t\t\t\t\t\t\t<img loading=\"lazy\" decoding=\"async\" width=\"1024\" height=\"683\" src=\"https:\/\/missions-catholiques.org\/wp-content\/uploads\/2025\/11\/IMG_1930-Tana-Moramanga-rizieres-en-cours-de-labourage-manuel-1024x683.jpg\" class=\"attachment-large size-large wp-image-2973\" alt=\"\" srcset=\"https:\/\/missions-catholiques.org\/wp-content\/uploads\/2025\/11\/IMG_1930-Tana-Moramanga-rizieres-en-cours-de-labourage-manuel-1024x683.jpg 1024w, https:\/\/missions-catholiques.org\/wp-content\/uploads\/2025\/11\/IMG_1930-Tana-Moramanga-rizieres-en-cours-de-labourage-manuel-300x200.jpg 300w, https:\/\/missions-catholiques.org\/wp-content\/uploads\/2025\/11\/IMG_1930-Tana-Moramanga-rizieres-en-cours-de-labourage-manuel-768x512.jpg 768w, https:\/\/missions-catholiques.org\/wp-content\/uploads\/2025\/11\/IMG_1930-Tana-Moramanga-rizieres-en-cours-de-labourage-manuel-1536x1024.jpg 1536w, https:\/\/missions-catholiques.org\/wp-content\/uploads\/2025\/11\/IMG_1930-Tana-Moramanga-rizieres-en-cours-de-labourage-manuel-2048x1365.jpg 2048w, https:\/\/missions-catholiques.org\/wp-content\/uploads\/2025\/11\/IMG_1930-Tana-Moramanga-rizieres-en-cours-de-labourage-manuel-18x12.jpg 18w, https:\/\/missions-catholiques.org\/wp-content\/uploads\/2025\/11\/IMG_1930-Tana-Moramanga-rizieres-en-cours-de-labourage-manuel-1000x667.jpg 1000w, https:\/\/missions-catholiques.org\/wp-content\/uploads\/2025\/11\/IMG_1930-Tana-Moramanga-rizieres-en-cours-de-labourage-manuel-230x153.jpg 230w, https:\/\/missions-catholiques.org\/wp-content\/uploads\/2025\/11\/IMG_1930-Tana-Moramanga-rizieres-en-cours-de-labourage-manuel-350x233.jpg 350w, https:\/\/missions-catholiques.org\/wp-content\/uploads\/2025\/11\/IMG_1930-Tana-Moramanga-rizieres-en-cours-de-labourage-manuel-480x320.jpg 480w\" sizes=\"(max-width: 1024px) 100vw, 1024px\" \/>\t\t\t\t\t\t\t\t\t\t\t\t\t\t\t<\/div>\n\t\t\t\t<\/div>\n\t\t\t\t\t<\/div>\n\t\t\t\t<\/div>\n\t\t\t\t<\/div>","protected":false},"excerpt":{"rendered":"<p>Ambatondrazaka A l\u2019approche de la petite ville d\u2019Ambatondrazaka, des rizi\u00e8res \u00e0 perte de vue recouvrent des terres fertiles. La r\u00e9gion est consid\u00e9r\u00e9e [&hellip;]<\/p>","protected":false},"author":1,"featured_media":0,"parent":0,"menu_order":0,"comment_status":"closed","ping_status":"closed","template":"","meta":{"footnotes":""},"_links":{"self":[{"href":"https:\/\/missions-catholiques.org\/en\/wp-json\/wp\/v2\/pages\/2955"}],"collection":[{"href":"https:\/\/missions-catholiques.org\/en\/wp-json\/wp\/v2\/pages"}],"about":[{"href":"https:\/\/missions-catholiques.org\/en\/wp-json\/wp\/v2\/types\/page"}],"author":[{"embeddable":true,"href":"https:\/\/missions-catholiques.org\/en\/wp-json\/wp\/v2\/users\/1"}],"replies":[{"embeddable":true,"href":"https:\/\/missions-catholiques.org\/en\/wp-json\/wp\/v2\/comments?post=2955"}],"version-history":[{"count":25,"href":"https:\/\/missions-catholiques.org\/en\/wp-json\/wp\/v2\/pages\/2955\/revisions"}],"predecessor-version":[{"id":3209,"href":"https:\/\/missions-catholiques.org\/en\/wp-json\/wp\/v2\/pages\/2955\/revisions\/3209"}],"wp:attachment":[{"href":"https:\/\/missions-catholiques.org\/en\/wp-json\/wp\/v2\/media?parent=2955"}],"curies":[{"name":"wp","href":"https:\/\/api.w.org\/{rel}","templated":true}]}}