{"id":1414,"date":"2024-10-22T22:32:30","date_gmt":"2024-10-22T20:32:30","guid":{"rendered":"https:\/\/missions-catholiques.org\/?page_id=1414"},"modified":"2025-09-02T17:17:09","modified_gmt":"2025-09-02T15:17:09","slug":"moramanga","status":"publish","type":"page","link":"https:\/\/missions-catholiques.org\/en\/moramanga\/","title":{"rendered":"Moramanga"},"content":{"rendered":"<div data-elementor-type=\"wp-page\" data-elementor-id=\"1414\" class=\"elementor elementor-1414\">\n\t\t\t\t<div class=\"elementor-element elementor-element-31e02136 e-con-full e-flex e-con e-parent\" data-id=\"31e02136\" data-element_type=\"container\" data-settings=\"{&quot;background_background&quot;:&quot;classic&quot;}\">\n\t\t\t\t<\/div>\n\t\t<div class=\"elementor-element elementor-element-5b7bcb78 e-flex e-con-boxed e-con e-parent\" data-id=\"5b7bcb78\" data-element_type=\"container\">\n\t\t\t\t\t<div class=\"e-con-inner\">\n\t\t\t\t<div class=\"elementor-element elementor-element-7a7457fe elementor-widget elementor-widget-text-editor\" data-id=\"7a7457fe\" data-element_type=\"widget\" data-widget_type=\"text-editor.default\">\n\t\t\t\t<div class=\"elementor-widget-container\">\n\t\t\t\t\t\t\t\t\t<p>La route sinueuse et parfois tr\u00e8s pentue reliant Antananarivo \u00e0 Moramanga supporte un tr\u00e8s grand trafic de camions, rendant les d\u00e9passements difficiles. Cet axe rejoint Tamatave, le plus grand port du pays. Us\u00e9s par l\u2019\u00e2ge, certains vieux carrosses \u00ab n\u2019en peuvent plus \u00bb et s\u2019immobilisent sur la chauss\u00e9e, parfois durant plusieurs jours.<\/p><p>S\u0153ur Lucie, responsable de la Communaut\u00e9 des <strong>Petites Filles du Sacr\u00e9 C\u0153ur de J\u00e9sus<\/strong>, remercie chaleureusement notre association pour l\u2019aide alimentaire apport\u00e9e au centre social et \u00e0 la maison des pauvres. Cette Communaut\u00e9, pourtant pauvre, nourrie une centaine d\u2019orphelins et ouvre les portes de son \u00e9cole d\u2019alphab\u00e9tisation. Ces enfants abandonn\u00e9s sont n\u00e9s de parents drogu\u00e9s, ivrognes ou de filles-m\u00e8res l\u00e2ch\u00e9es par leur mari irresponsable. Ce genre de situation est malheureusement tr\u00e8s pr\u00e9sent dans le pays, sp\u00e9cialement dans cette contr\u00e9e. Un vaste jardin potager permet de contribuer \u00e0 l\u2019alimentation de cette grande famille. La Communaut\u00e9 vient de f\u00eater le centi\u00e8me anniversaire de la fondation de cette Congr\u00e9gation italienne. Une seule religieuse italienne est encore pr\u00e9sente \u00e0 Madagascar.<\/p><p>Quel vaste et magnifique parc arboris\u00e9 entoure l\u2019h\u00f4pital des <strong>S\u0153urs Petites Servantes du Sacr\u00e9 C\u0153ur<\/strong> de J\u00e9sus. Depuis janvier dernier, pas moins de 175 tuberculeux ont d\u00e9j\u00e0 \u00e9t\u00e9 soign\u00e9s en ces lieux o\u00f9 r\u00e8gne une propret\u00e9 exemplaire. S\u0153ur Nadia, m\u00e9decin, pr\u00e9cise que cette grave maladie, en constante augmentation, est caus\u00e9e principalement par la malnutrition et les efforts intenses, \u00e0 l\u2019exemple des dockers et des conducteurs de pousses-pousses et de v\u00e9los-pousses. Cette ann\u00e9e, une dizaine de tuberculeux sont d\u00e9j\u00e0 d\u00e9c\u00e9d\u00e9s en raison de leur hospitalisation beaucoup trop tardive. Les personnes pauvres sont principalement concern\u00e9es \u00e0 l\u2019inverse des gens en surpoids atteints de probl\u00e8mes cardiaques et autres diab\u00e8tes \u2026 , malades \u00e9galement en augmentation dans ce pays. Et si ces gens riches partageaient chr\u00e9tiennement leurs richesses, ne seraient \u2013ils pas mieux dans leur for int\u00e9rieur et dans leur corps ?<\/p><p>S\u0153ur Nadia remercie chaleureusement notre association pour l\u2019aide alimentaire apport\u00e9e \u00e0 tous ces malades d\u00e9munis de tout ; beaucoup de vies ont \u00e9t\u00e9 sauv\u00e9es, pr\u00e9cise-t-elle.<\/p><p>Sur le plan spirituel, tous les malades ont l\u2019opportunit\u00e9 de suivre des le\u00e7ons de cat\u00e9chisme, de participer \u00e0 la messe, de prier en pr\u00e9sence des S\u0153urs le matin et le soir, avant les repas. L\u2019accueil et l\u2019ambiance sont chaleureux. Quoi de mieux pour propager la foi catholique ?<\/p>\t\t\t\t\t\t\t\t<\/div>\n\t\t\t\t<\/div>\n\t\t\t\t\t<\/div>\n\t\t\t\t<\/div>\n\t\t\t\t<\/div>","protected":false},"excerpt":{"rendered":"<p>La route sinueuse et parfois tr\u00e8s pentue reliant Antananarivo \u00e0 Moramanga supporte un tr\u00e8s grand trafic de camions, rendant les d\u00e9passements difficiles. [&hellip;]<\/p>","protected":false},"author":1,"featured_media":0,"parent":0,"menu_order":0,"comment_status":"closed","ping_status":"closed","template":"","meta":{"footnotes":""},"_links":{"self":[{"href":"https:\/\/missions-catholiques.org\/en\/wp-json\/wp\/v2\/pages\/1414"}],"collection":[{"href":"https:\/\/missions-catholiques.org\/en\/wp-json\/wp\/v2\/pages"}],"about":[{"href":"https:\/\/missions-catholiques.org\/en\/wp-json\/wp\/v2\/types\/page"}],"author":[{"embeddable":true,"href":"https:\/\/missions-catholiques.org\/en\/wp-json\/wp\/v2\/users\/1"}],"replies":[{"embeddable":true,"href":"https:\/\/missions-catholiques.org\/en\/wp-json\/wp\/v2\/comments?post=1414"}],"version-history":[{"count":12,"href":"https:\/\/missions-catholiques.org\/en\/wp-json\/wp\/v2\/pages\/1414\/revisions"}],"predecessor-version":[{"id":2608,"href":"https:\/\/missions-catholiques.org\/en\/wp-json\/wp\/v2\/pages\/1414\/revisions\/2608"}],"wp:attachment":[{"href":"https:\/\/missions-catholiques.org\/en\/wp-json\/wp\/v2\/media?parent=1414"}],"curies":[{"name":"wp","href":"https:\/\/api.w.org\/{rel}","templated":true}]}}